{"id":8109,"date":"2026-01-14T16:49:02","date_gmt":"2026-01-14T16:49:02","guid":{"rendered":"https:\/\/yemonkart.com\/?page_id=8109"},"modified":"2026-01-15T18:32:00","modified_gmt":"2026-01-15T18:32:00","slug":"multimedia-design-portfolio","status":"publish","type":"page","link":"https:\/\/yemonkart.com\/es\/portfolio\/multimedia-design-portfolio\/","title":{"rendered":"Multimedia design portfolio"},"content":{"rendered":"<div data-elementor-type=\"wp-page\" data-elementor-id=\"8109\" class=\"elementor elementor-8109\">\n\t\t\t\t<div class=\"elementor-element elementor-element-caf260b e-flex e-con-boxed no no e-con e-parent\" data-id=\"caf260b\" data-element_type=\"container\" data-e-type=\"container\">\n\t\t\t\t\t<div class=\"e-con-inner\">\n\t\t\t\t<div class=\"elementor-element elementor-element-48f1497 elementor-widget-tablet__width-initial elementor-widget elementor-widget-heading\" data-id=\"48f1497\" data-element_type=\"widget\" data-e-type=\"widget\" data-widget_type=\"heading.default\">\n\t\t\t\t\t<h2 class=\"elementor-heading-title elementor-size-default\">Dise\u00f1o multimedia<\/h2>\t\t\t\t<\/div>\n\t\t<div class=\"elementor-element elementor-element-738b87f e-con-full e-flex no no e-con e-child\" data-id=\"738b87f\" data-element_type=\"container\" data-e-type=\"container\">\n\t\t\t\t<div class=\"elementor-element elementor-element-abd97b9 elementor-widget elementor-widget-text-editor\" data-id=\"abd97b9\" data-element_type=\"widget\" data-e-type=\"widget\" data-widget_type=\"text-editor.default\">\n\t\t\t\t\t\t\t\t\t<p>Una selecci\u00f3n de trabajos de dise\u00f1o multidisciplinarios que abarcan dise\u00f1o vectorial, gr\u00e1ficos digitales, proyectos web y animaci\u00f3n 2D. Combino la creatividad visual con la ejecuci\u00f3n t\u00e9cnica para producir dise\u00f1os cohesivos, funcionales y visualmente atractivos en diferentes medios.<\/p>\t\t\t\t\t\t\t\t<\/div>\n\t\t\t\t<\/div>\n\t\t\t\t<div class=\"elementor-element elementor-element-36be48b elementor-widget__width-inherit elementor-widget elementor-widget-ms_projects\" data-id=\"36be48b\" data-element_type=\"widget\" data-e-type=\"widget\" data-widget_type=\"ms_projects.default\">\n\t\t\t\t<div class=\"elementor-widget-container\">\n\t\t\t\t\t\r\n\t\t<div class=\"portfolio_wrap\" id=\"36be48b\" data-filter=\"s_1\" data-type=\"grid\" data-pagination=\"on\" >\r\n\r\n            \r\n                \r\n                <div class=\"loader_wrap\">                                   \r\n                    <span class=\"load_filter\">\r\n                        <svg class=\"load-filter-icon\"  viewbox=\"0 0 800 800\">\r\n                            <circle class=\"spin2\" cx=\"400\" cy=\"400\" fill=\"none\" r=\"200\" stroke-width=\"50\" stroke-dasharray=\"563 1400\" stroke-linecap=\"round\" \/>\r\n                        <\/svg>\r\n                    <\/span>\r\n                <\/div>\r\n\r\n                <div class=\"portfolio-feed ms-p--m grid-content\"  >\r\n\r\n                    \r\n                                                    <div class=\"row ms-masonry-gallery\">\r\n                        \r\n                        \r\n                            <div class=\"fadein grid-item-p custom-ratio col-md-6 post-7782 portfolios type-portfolios status-publish has-post-thumbnail hentry portfolios_categories-multimedia-design\">\r\n\r\n                                <div class=\"item--inner\">\r\n\r\n                                    <a href=\"https:\/\/yemonkart.com\/es\/lienzo-web-design\/\" aria-label=\"Lienzo Web Design\">\r\n\r\n                                        \r\n                                                                                            <figure class=\"ms-p-img cursor-none\" >\r\n                                                    <img decoding=\"async\" src=\"https:\/\/yemonkart.com\/wp-content\/uploads\/2026\/01\/Concept_09.webp\" alt=\"Lienzo Web Design\" title=\"Yimi Motion Graphic Video\">\r\n                                                <\/figure>\r\n                                            \r\n                                        \r\n                                        <div class=\"ms-p-content justify-bottom\">\r\n                                            <div class=\"ms-p-content__inner top\">\r\n                                                <h3>Lienzo Web Design<\/h3>\r\n                                                                                                    <span class=\"ms-p-cat\">Dise\u00f1o Multimedia<\/span>\r\n                                                                                            <\/div>\r\n                                        <\/div>\r\n                                        \r\n                                    <\/a>\r\n\r\n                                <\/div>\r\n\r\n                            <\/div>\r\n\r\n                        \r\n                            <div class=\"fadein grid-item-p custom-ratio col-md-6 post-7794 portfolios type-portfolios status-publish has-post-thumbnail hentry portfolios_categories-multimedia-design\">\r\n\r\n                                <div class=\"item--inner\">\r\n\r\n                                    <a href=\"https:\/\/yemonkart.com\/es\/yimi-motion-graphic-video\/\" aria-label=\"Yimi Motion Graphic Video\">\r\n\r\n                                        \r\n                                                                                            <figure class=\"ms-p-img cursor-none\" >\r\n                                                    <img decoding=\"async\" src=\"https:\/\/yemonkart.com\/wp-content\/uploads\/2026\/01\/escena-1-5.00_03_08_22.Still002-1120x630.jpg\" alt=\"Yimi Motion Graphic Video\" title=\"Yimi Motion Graphic Video\">\r\n                                                <\/figure>\r\n                                            \r\n                                        \r\n                                        <div class=\"ms-p-content justify-bottom\">\r\n                                            <div class=\"ms-p-content__inner top\">\r\n                                                <h3>Yimi Motion Graphic Video<\/h3>\r\n                                                                                                    <span class=\"ms-p-cat\">Dise\u00f1o Multimedia<\/span>\r\n                                                                                            <\/div>\r\n                                        <\/div>\r\n                                        \r\n                                    <\/a>\r\n\r\n                                <\/div>\r\n\r\n                            <\/div>\r\n\r\n                                                <div class=\"grid-sizer col-md-6\"><\/div>\r\n                        \r\n                                                    <\/div>\r\n                        \r\n                    \r\n                <\/div>\r\n\r\n                                \r\n                                                    \r\n            \r\n        \t\t<\/div>\r\n\r\n\t\t\t\t\t\t<\/div>\n\t\t\t\t<\/div>\n\t\t\t\t\t<\/div>\n\t\t\t\t<\/div>\n\t\t\t\t<\/div>","protected":false},"excerpt":{"rendered":"<p>Multimedia design A selection of multidisciplinary design work that spans vector design, digital graphics, web projects, and 2D cut-out animation. I combine visual creativity [&hellip;]<\/p>\n","protected":false},"author":1,"featured_media":0,"parent":239,"menu_order":0,"comment_status":"closed","ping_status":"closed","template":"page-custom.php","meta":{"_acf_changed":false,"footnotes":""},"class_list":["post-8109","page","type-page","status-publish","hentry"],"acf":{"choi\u0441e_menu_page":"custom_menu_page","full_width":false,"header_transparent":true,"header_white":true,"menu_align_page":"right","menu_style":"fixed"},"_hostinger_reach_plugin_has_subscription_block":false,"_hostinger_reach_plugin_is_elementor":false,"_links":{"self":[{"href":"https:\/\/yemonkart.com\/es\/wp-json\/wp\/v2\/pages\/8109","targetHints":{"allow":["GET"]}}],"collection":[{"href":"https:\/\/yemonkart.com\/es\/wp-json\/wp\/v2\/pages"}],"about":[{"href":"https:\/\/yemonkart.com\/es\/wp-json\/wp\/v2\/types\/page"}],"author":[{"embeddable":true,"href":"https:\/\/yemonkart.com\/es\/wp-json\/wp\/v2\/users\/1"}],"replies":[{"embeddable":true,"href":"https:\/\/yemonkart.com\/es\/wp-json\/wp\/v2\/comments?post=8109"}],"version-history":[{"count":13,"href":"https:\/\/yemonkart.com\/es\/wp-json\/wp\/v2\/pages\/8109\/revisions"}],"predecessor-version":[{"id":8175,"href":"https:\/\/yemonkart.com\/es\/wp-json\/wp\/v2\/pages\/8109\/revisions\/8175"}],"up":[{"embeddable":true,"href":"https:\/\/yemonkart.com\/es\/wp-json\/wp\/v2\/pages\/239"}],"wp:attachment":[{"href":"https:\/\/yemonkart.com\/es\/wp-json\/wp\/v2\/media?parent=8109"}],"curies":[{"name":"wp","href":"https:\/\/api.w.org\/{rel}","templated":true}]}}