{"id":8099,"date":"2026-01-14T16:41:05","date_gmt":"2026-01-14T16:41:05","guid":{"rendered":"https:\/\/yemonkart.com\/?page_id=8099"},"modified":"2026-01-15T18:27:45","modified_gmt":"2026-01-15T18:27:45","slug":"3d-design-portfolio","status":"publish","type":"page","link":"https:\/\/yemonkart.com\/es\/portfolio\/3d-design-portfolio\/","title":{"rendered":"3D Design Portfolio"},"content":{"rendered":"<div data-elementor-type=\"wp-page\" data-elementor-id=\"8099\" class=\"elementor elementor-8099\">\n\t\t\t\t<div class=\"elementor-element elementor-element-caf260b e-flex e-con-boxed no no e-con e-parent\" data-id=\"caf260b\" data-element_type=\"container\" data-e-type=\"container\">\n\t\t\t\t\t<div class=\"e-con-inner\">\n\t\t\t\t<div class=\"elementor-element elementor-element-48f1497 elementor-widget-tablet__width-initial elementor-widget elementor-widget-heading\" data-id=\"48f1497\" data-element_type=\"widget\" data-e-type=\"widget\" data-widget_type=\"heading.default\">\n\t\t\t\t\t<h2 class=\"elementor-heading-title elementor-size-default\">Dise\u00f1o 3D<\/h2>\t\t\t\t<\/div>\n\t\t<div class=\"elementor-element elementor-element-b4f50ac e-con-full e-flex no no e-con e-child\" data-id=\"b4f50ac\" data-element_type=\"container\" data-e-type=\"container\">\n\t\t\t\t<div class=\"elementor-element elementor-element-d9dc7c1 elementor-widget elementor-widget-text-editor\" data-id=\"d9dc7c1\" data-element_type=\"widget\" data-e-type=\"widget\" data-widget_type=\"text-editor.default\">\n\t\t\t\t\t\t\t\t\t<p>Una selecci\u00f3n de trabajos 3D que incluye modelado, escultura, texturizado y renderizado. Busco formas limpias, topolog\u00eda s\u00f3lida y recursos listos para producci\u00f3n con un atractivo visual impactante.<\/p>\t\t\t\t\t\t\t\t<\/div>\n\t\t\t\t<\/div>\n\t\t\t\t<div class=\"elementor-element elementor-element-36be48b elementor-widget__width-inherit elementor-widget elementor-widget-ms_projects\" data-id=\"36be48b\" data-element_type=\"widget\" data-e-type=\"widget\" data-widget_type=\"ms_projects.default\">\n\t\t\t\t<div class=\"elementor-widget-container\">\n\t\t\t\t\t\r\n\t\t<div class=\"portfolio_wrap\" id=\"36be48b\" data-filter=\"s_1\" data-type=\"grid\" data-pagination=\"on\" >\r\n\r\n            \r\n                \r\n                <div class=\"loader_wrap\">                                   \r\n                    <span class=\"load_filter\">\r\n                        <svg class=\"load-filter-icon\"  viewbox=\"0 0 800 800\">\r\n                            <circle class=\"spin2\" cx=\"400\" cy=\"400\" fill=\"none\" r=\"200\" stroke-width=\"50\" stroke-dasharray=\"563 1400\" stroke-linecap=\"round\" \/>\r\n                        <\/svg>\r\n                    <\/span>\r\n                <\/div>\r\n\r\n                <div class=\"portfolio-feed ms-p--m grid-content\"  >\r\n\r\n                    \r\n                                                    <div class=\"row ms-masonry-gallery\">\r\n                        \r\n                        \r\n                            <div class=\"fadein grid-item-p custom-ratio col-md-4 post-259 portfolios type-portfolios status-publish has-post-thumbnail hentry portfolios_categories-3d-design\">\r\n\r\n                                <div class=\"item--inner\">\r\n\r\n                                    <a href=\"https:\/\/yemonkart.com\/es\/color-current\/\" aria-label=\"Aspertos \u2013 Versi\u00f3n 3D\">\r\n\r\n                                        \r\n                                                                                            <figure class=\"ms-p-img cursor-none\" >\r\n                                                    <img decoding=\"async\" src=\"https:\/\/yemonkart.com\/wp-content\/uploads\/2024\/12\/Aspertos_Logo-1120x1120.jpg\" alt=\"Aspertos &#8211; 3D Version\" title=\"3D Fortnite Skin - Fan Made Study\">\r\n                                                <\/figure>\r\n                                            \r\n                                        \r\n                                        <div class=\"ms-p-content justify-bottom\">\r\n                                            <div class=\"ms-p-content__inner top\">\r\n                                                <h3>Aspertos \u2013 Versi\u00f3n 3D<\/h3>\r\n                                                                                                    <span class=\"ms-p-cat\">3D Design<\/span>\r\n                                                                                            <\/div>\r\n                                        <\/div>\r\n                                        \r\n                                    <\/a>\r\n\r\n                                <\/div>\r\n\r\n                            <\/div>\r\n\r\n                        \r\n                            <div class=\"fadein grid-item-p custom-ratio col-md-4 post-7779 portfolios type-portfolios status-publish has-post-thumbnail hentry portfolios_categories-3d-design portfolios_categories-background-design portfolios_categories-prop-design\">\r\n\r\n                                <div class=\"item--inner\">\r\n\r\n                                    <a href=\"https:\/\/yemonkart.com\/es\/blooming-stone-3d-environment-project\/\" aria-label=\"Blooming Stone 3D Environment Project\">\r\n\r\n                                        \r\n                                                                                            <figure class=\"ms-p-img cursor-none\" >\r\n                                                    <img decoding=\"async\" src=\"https:\/\/yemonkart.com\/wp-content\/uploads\/2026\/01\/BS-02-1120x630.jpg\" alt=\"Blooming Stone 3D Environment Project\" title=\"3D Fortnite Skin - Fan Made Study\">\r\n                                                <\/figure>\r\n                                            \r\n                                        \r\n                                        <div class=\"ms-p-content justify-bottom\">\r\n                                            <div class=\"ms-p-content__inner top\">\r\n                                                <h3>Blooming Stone 3D Environment Project<\/h3>\r\n                                                                                                    <span class=\"ms-p-cat\">3d design, background design, prop design<\/span>\r\n                                                                                            <\/div>\r\n                                        <\/div>\r\n                                        \r\n                                    <\/a>\r\n\r\n                                <\/div>\r\n\r\n                            <\/div>\r\n\r\n                        \r\n                            <div class=\"fadein grid-item-p custom-ratio col-md-4 post-7761 portfolios type-portfolios status-publish has-post-thumbnail hentry portfolios_categories-3d-design portfolios_categories-fan-art\">\r\n\r\n                                <div class=\"item--inner\">\r\n\r\n                                    <a href=\"https:\/\/yemonkart.com\/es\/cyberpunk-2077-25h-7-fanmade-3d-study\/\" aria-label=\"Cyberpunk 2077 \u2013 Estudio 3D creado por fans \u201c25h\/7\u201d\">\r\n\r\n                                        \r\n                                                                                            <figure class=\"ms-p-img cursor-none\" >\r\n                                                    <img decoding=\"async\" src=\"https:\/\/yemonkart.com\/wp-content\/uploads\/2026\/01\/front-1120x1260.jpg\" alt=\"Cyberpunk 2077 \u2013 &#8220;25h\/7&#8221; Fanmade 3D Study\" title=\"3D Fortnite Skin - Fan Made Study\">\r\n                                                <\/figure>\r\n                                            \r\n                                        \r\n                                        <div class=\"ms-p-content justify-bottom\">\r\n                                            <div class=\"ms-p-content__inner top\">\r\n                                                <h3>Cyberpunk 2077 \u2013 \u201c25h\/7\u201d Fanmade 3D Study<\/h3>\r\n                                                                                                    <span class=\"ms-p-cat\">Dise\u00f1o 3D, arte de fans<\/span>\r\n                                                                                            <\/div>\r\n                                        <\/div>\r\n                                        \r\n                                    <\/a>\r\n\r\n                                <\/div>\r\n\r\n                            <\/div>\r\n\r\n                        \r\n                            <div class=\"fadein grid-item-p custom-ratio col-md-4 post-7800 portfolios type-portfolios status-publish has-post-thumbnail hentry portfolios_categories-3d-design\">\r\n\r\n                                <div class=\"item--inner\">\r\n\r\n                                    <a href=\"https:\/\/yemonkart.com\/es\/lienzo-mulaka-social-media-post\/\" aria-label=\"Lienzo Mulaka Social Media Post\">\r\n\r\n                                        \r\n                                                                                            <figure class=\"ms-p-img cursor-none\" >\r\n                                                    <img decoding=\"async\" src=\"https:\/\/yemonkart.com\/wp-content\/uploads\/2026\/01\/Lienzo_Escena_Chamanica.jpg\" alt=\"Lienzo Mulaka Social Media Post\" title=\"3D Fortnite Skin - Fan Made Study\">\r\n                                                <\/figure>\r\n                                            \r\n                                        \r\n                                        <div class=\"ms-p-content justify-bottom\">\r\n                                            <div class=\"ms-p-content__inner top\">\r\n                                                <h3>Lienzo Mulaka Social Media Post<\/h3>\r\n                                                                                                    <span class=\"ms-p-cat\">3D Design<\/span>\r\n                                                                                            <\/div>\r\n                                        <\/div>\r\n                                        \r\n                                    <\/a>\r\n\r\n                                <\/div>\r\n\r\n                            <\/div>\r\n\r\n                        \r\n                            <div class=\"fadein grid-item-p custom-ratio col-md-4 post-7773 portfolios type-portfolios status-publish has-post-thumbnail hentry portfolios_categories-3d-design\">\r\n\r\n                                <div class=\"item--inner\">\r\n\r\n                                    <a href=\"https:\/\/yemonkart.com\/es\/3d-animation-project\/\" aria-label=\"3D animation project\">\r\n\r\n                                        \r\n                                                                                            <figure class=\"ms-p-img cursor-none\" >\r\n                                                    <img decoding=\"async\" src=\"https:\/\/yemonkart.com\/wp-content\/uploads\/2026\/01\/asdsd-1120x630.jpg\" alt=\"3D animation project\" title=\"3D Fortnite Skin - Fan Made Study\">\r\n                                                <\/figure>\r\n                                            \r\n                                        \r\n                                        <div class=\"ms-p-content justify-bottom\">\r\n                                            <div class=\"ms-p-content__inner top\">\r\n                                                <h3>3D animation project<\/h3>\r\n                                                                                                    <span class=\"ms-p-cat\">3D Design<\/span>\r\n                                                                                            <\/div>\r\n                                        <\/div>\r\n                                        \r\n                                    <\/a>\r\n\r\n                                <\/div>\r\n\r\n                            <\/div>\r\n\r\n                        \r\n                            <div class=\"fadein grid-item-p custom-ratio col-md-4 post-7776 portfolios type-portfolios status-publish has-post-thumbnail hentry portfolios_categories-3d-design portfolios_categories-fan-art\">\r\n\r\n                                <div class=\"item--inner\">\r\n\r\n                                    <a href=\"https:\/\/yemonkart.com\/es\/3d-fortnite-skin-fan-made-study\/\" aria-label=\"3D Fortnite Skin &#8211; Fan Made Study\">\r\n\r\n                                        \r\n                                                                                            <figure class=\"ms-p-img cursor-none\" >\r\n                                                    <img decoding=\"async\" src=\"https:\/\/yemonkart.com\/wp-content\/uploads\/2026\/01\/mecha-fortnite-1120x1120.jpg\" alt=\"3D Fortnite Skin &#8211; Fan Made Study\" title=\"3D Fortnite Skin - Fan Made Study\">\r\n                                                <\/figure>\r\n                                            \r\n                                        \r\n                                        <div class=\"ms-p-content justify-bottom\">\r\n                                            <div class=\"ms-p-content__inner top\">\r\n                                                <h3>3D Fortnite Skin &#8211; Fan Made Study<\/h3>\r\n                                                                                                    <span class=\"ms-p-cat\">Dise\u00f1o 3D, arte de fans<\/span>\r\n                                                                                            <\/div>\r\n                                        <\/div>\r\n                                        \r\n                                    <\/a>\r\n\r\n                                <\/div>\r\n\r\n                            <\/div>\r\n\r\n                                                <div class=\"grid-sizer col-md-4\"><\/div>\r\n                        \r\n                                                    <\/div>\r\n                        \r\n                    \r\n                <\/div>\r\n\r\n                                \r\n                                                    \r\n            \r\n        \t\t<\/div>\r\n\r\n\t\t\t\t\t\t<\/div>\n\t\t\t\t<\/div>\n\t\t\t\t\t<\/div>\n\t\t\t\t<\/div>\n\t\t\t\t<\/div>","protected":false},"excerpt":{"rendered":"<p>3d design A selection of 3D work that includes modeling, sculpting, texturing, and rendering. I aim for clean forms, solid topology, and production-ready assets [&hellip;]<\/p>\n","protected":false},"author":1,"featured_media":0,"parent":239,"menu_order":0,"comment_status":"closed","ping_status":"closed","template":"page-custom.php","meta":{"_acf_changed":false,"footnotes":""},"class_list":["post-8099","page","type-page","status-publish","hentry"],"acf":{"choi\u0441e_menu_page":"custom_menu_page","full_width":false,"header_transparent":true,"header_white":true,"menu_align_page":"right","menu_style":"fixed"},"_hostinger_reach_plugin_has_subscription_block":false,"_hostinger_reach_plugin_is_elementor":false,"_links":{"self":[{"href":"https:\/\/yemonkart.com\/es\/wp-json\/wp\/v2\/pages\/8099","targetHints":{"allow":["GET"]}}],"collection":[{"href":"https:\/\/yemonkart.com\/es\/wp-json\/wp\/v2\/pages"}],"about":[{"href":"https:\/\/yemonkart.com\/es\/wp-json\/wp\/v2\/types\/page"}],"author":[{"embeddable":true,"href":"https:\/\/yemonkart.com\/es\/wp-json\/wp\/v2\/users\/1"}],"replies":[{"embeddable":true,"href":"https:\/\/yemonkart.com\/es\/wp-json\/wp\/v2\/comments?post=8099"}],"version-history":[{"count":16,"href":"https:\/\/yemonkart.com\/es\/wp-json\/wp\/v2\/pages\/8099\/revisions"}],"predecessor-version":[{"id":8158,"href":"https:\/\/yemonkart.com\/es\/wp-json\/wp\/v2\/pages\/8099\/revisions\/8158"}],"up":[{"embeddable":true,"href":"https:\/\/yemonkart.com\/es\/wp-json\/wp\/v2\/pages\/239"}],"wp:attachment":[{"href":"https:\/\/yemonkart.com\/es\/wp-json\/wp\/v2\/media?parent=8099"}],"curies":[{"name":"wp","href":"https:\/\/api.w.org\/{rel}","templated":true}]}}