{"id":8094,"date":"2026-01-14T16:39:19","date_gmt":"2026-01-14T16:39:19","guid":{"rendered":"https:\/\/yemonkart.com\/?page_id=8094"},"modified":"2026-01-15T18:37:43","modified_gmt":"2026-01-15T18:37:43","slug":"background-portfolio","status":"publish","type":"page","link":"https:\/\/yemonkart.com\/es\/portfolio\/background-portfolio\/","title":{"rendered":"Background Portfolio"},"content":{"rendered":"<div data-elementor-type=\"wp-page\" data-elementor-id=\"8094\" class=\"elementor elementor-8094\">\n\t\t\t\t<div class=\"elementor-element elementor-element-caf260b e-flex e-con-boxed no no e-con e-parent\" data-id=\"caf260b\" data-element_type=\"container\" data-e-type=\"container\">\n\t\t\t\t\t<div class=\"e-con-inner\">\n\t\t\t\t<div class=\"elementor-element elementor-element-48f1497 elementor-widget-tablet__width-initial elementor-widget elementor-widget-heading\" data-id=\"48f1497\" data-element_type=\"widget\" data-e-type=\"widget\" data-widget_type=\"heading.default\">\n\t\t\t\t\t<h2 class=\"elementor-heading-title elementor-size-default\">Dise\u00f1o de fondos<\/h2>\t\t\t\t<\/div>\n\t\t<div class=\"elementor-element elementor-element-ea4e1a4 e-con-full e-flex no no e-con e-child\" data-id=\"ea4e1a4\" data-element_type=\"container\" data-e-type=\"container\">\n\t\t\t\t<div class=\"elementor-element elementor-element-1ab9bbb elementor-widget elementor-widget-text-editor\" data-id=\"1ab9bbb\" data-element_type=\"widget\" data-e-type=\"widget\" data-widget_type=\"text-editor.default\">\n\t\t\t\t\t\t\t\t\t<p>Dise\u00f1os de fondos y espacios que fomentan la atm\u00f3sfera, la narrativa y la composici\u00f3n. Me centro en la profundidad, la atm\u00f3sfera y la claridad visual para crear escenas atractivas y visualmente coherentes.<\/p>\t\t\t\t\t\t\t\t<\/div>\n\t\t\t\t<\/div>\n\t\t\t\t<div class=\"elementor-element elementor-element-36be48b elementor-widget__width-inherit elementor-widget elementor-widget-ms_projects\" data-id=\"36be48b\" data-element_type=\"widget\" data-e-type=\"widget\" data-widget_type=\"ms_projects.default\">\n\t\t\t\t<div class=\"elementor-widget-container\">\n\t\t\t\t\t\r\n\t\t<div class=\"portfolio_wrap\" id=\"36be48b\" data-filter=\"s_1\" data-type=\"grid\" data-pagination=\"on\" >\r\n\r\n            \r\n                \r\n                <div class=\"loader_wrap\">                                   \r\n                    <span class=\"load_filter\">\r\n                        <svg class=\"load-filter-icon\"  viewbox=\"0 0 800 800\">\r\n                            <circle class=\"spin2\" cx=\"400\" cy=\"400\" fill=\"none\" r=\"200\" stroke-width=\"50\" stroke-dasharray=\"563 1400\" stroke-linecap=\"round\" \/>\r\n                        <\/svg>\r\n                    <\/span>\r\n                <\/div>\r\n\r\n                <div class=\"portfolio-feed ms-p--m grid-content\"  >\r\n\r\n                    \r\n                                                    <div class=\"row ms-masonry-gallery\">\r\n                        \r\n                        \r\n                            <div class=\"fadein grid-item-p custom-ratio col-md-4 post-614 portfolios type-portfolios status-publish has-post-thumbnail hentry portfolios_categories-background-design portfolios_categories-character-design portfolios_categories-illustration\">\r\n\r\n                                <div class=\"item--inner\">\r\n\r\n                                    <a href=\"https:\/\/yemonkart.com\/es\/fashion-fusion\/\" aria-label=\"Faelith \u2013 Dise\u00f1o de personajes\">\r\n\r\n                                        \r\n                                                                                            <figure class=\"ms-p-img cursor-none\" >\r\n                                                    <img decoding=\"async\" src=\"https:\/\/yemonkart.com\/wp-content\/uploads\/2026\/01\/Faelith-1120x591.jpg\" alt=\"Faelith &#8211; Character Design\" title=\"Ginna &amp; Bjorn\">\r\n                                                <\/figure>\r\n                                            \r\n                                        \r\n                                        <div class=\"ms-p-content justify-bottom\">\r\n                                            <div class=\"ms-p-content__inner top\">\r\n                                                <h3>Faelith \u2013 Dise\u00f1o de personaje<\/h3>\r\n                                                                                                    <span class=\"ms-p-cat\">background design, character design, illustration<\/span>\r\n                                                                                            <\/div>\r\n                                        <\/div>\r\n                                        \r\n                                    <\/a>\r\n\r\n                                <\/div>\r\n\r\n                            <\/div>\r\n\r\n                        \r\n                            <div class=\"fadein grid-item-p custom-ratio col-md-4 post-8310 portfolios type-portfolios status-publish has-post-thumbnail hentry portfolios_categories-background-design portfolios_categories-prop-design\">\r\n\r\n                                <div class=\"item--inner\">\r\n\r\n                                    <a href=\"https:\/\/yemonkart.com\/es\/mayan-domestic-environment\/\" aria-label=\"Entorno dom\u00e9stico maya\">\r\n\r\n                                        \r\n                                                                                            <figure class=\"ms-p-img cursor-none\" >\r\n                                                    <img decoding=\"async\" src=\"https:\/\/yemonkart.com\/wp-content\/uploads\/2026\/01\/Nah-1120x922.jpg\" alt=\"Mayan Domestic Environment\" title=\"Ginna &amp; Bjorn\">\r\n                                                <\/figure>\r\n                                            \r\n                                        \r\n                                        <div class=\"ms-p-content justify-bottom\">\r\n                                            <div class=\"ms-p-content__inner top\">\r\n                                                <h3>Entorno dom\u00e9stico maya<\/h3>\r\n                                                                                                    <span class=\"ms-p-cat\">background design, prop design<\/span>\r\n                                                                                            <\/div>\r\n                                        <\/div>\r\n                                        \r\n                                    <\/a>\r\n\r\n                                <\/div>\r\n\r\n                            <\/div>\r\n\r\n                        \r\n                            <div class=\"fadein grid-item-p custom-ratio col-md-4 post-7779 portfolios type-portfolios status-publish has-post-thumbnail hentry portfolios_categories-3d-design portfolios_categories-background-design portfolios_categories-prop-design\">\r\n\r\n                                <div class=\"item--inner\">\r\n\r\n                                    <a href=\"https:\/\/yemonkart.com\/es\/blooming-stone-3d-environment-project\/\" aria-label=\"Blooming Stone 3D Environment Project\">\r\n\r\n                                        \r\n                                                                                            <figure class=\"ms-p-img cursor-none\" >\r\n                                                    <img decoding=\"async\" src=\"https:\/\/yemonkart.com\/wp-content\/uploads\/2026\/01\/BS-02-1120x630.jpg\" alt=\"Blooming Stone 3D Environment Project\" title=\"Ginna &amp; Bjorn\">\r\n                                                <\/figure>\r\n                                            \r\n                                        \r\n                                        <div class=\"ms-p-content justify-bottom\">\r\n                                            <div class=\"ms-p-content__inner top\">\r\n                                                <h3>Blooming Stone 3D Environment Project<\/h3>\r\n                                                                                                    <span class=\"ms-p-cat\">3d design, background design, prop design<\/span>\r\n                                                                                            <\/div>\r\n                                        <\/div>\r\n                                        \r\n                                    <\/a>\r\n\r\n                                <\/div>\r\n\r\n                            <\/div>\r\n\r\n                        \r\n                            <div class=\"fadein grid-item-p custom-ratio col-md-4 post-7764 portfolios type-portfolios status-publish has-post-thumbnail hentry portfolios_categories-background-design portfolios_categories-fan-art portfolios_categories-illustration\">\r\n\r\n                                <div class=\"item--inner\">\r\n\r\n                                    <a href=\"https:\/\/yemonkart.com\/es\/minecraft-landscape-illustration\/\" aria-label=\"Minecraft Landscape Illustration\">\r\n\r\n                                        \r\n                                                                                            <figure class=\"ms-p-img cursor-none\" >\r\n                                                    <img decoding=\"async\" src=\"https:\/\/yemonkart.com\/wp-content\/uploads\/2026\/01\/minecraft-landscape-commission-1120x630.jpg\" alt=\"Minecraft Landscape Illustration\" title=\"Ginna &amp; Bjorn\">\r\n                                                <\/figure>\r\n                                            \r\n                                        \r\n                                        <div class=\"ms-p-content justify-bottom\">\r\n                                            <div class=\"ms-p-content__inner top\">\r\n                                                <h3>Minecraft Landscape Illustration<\/h3>\r\n                                                                                                    <span class=\"ms-p-cat\">background design, fan art, illustration<\/span>\r\n                                                                                            <\/div>\r\n                                        <\/div>\r\n                                        \r\n                                    <\/a>\r\n\r\n                                <\/div>\r\n\r\n                            <\/div>\r\n\r\n                        \r\n                            <div class=\"fadein grid-item-p custom-ratio col-md-4 post-7767 portfolios type-portfolios status-publish has-post-thumbnail hentry portfolios_categories-background-design\">\r\n\r\n                                <div class=\"item--inner\">\r\n\r\n                                    <a href=\"https:\/\/yemonkart.com\/es\/haunted-mansion-environment\/\" aria-label=\"Haunted Mansion &#8211; Environment\">\r\n\r\n                                        \r\n                                                                                            <figure class=\"ms-p-img cursor-none\" >\r\n                                                    <img decoding=\"async\" src=\"https:\/\/yemonkart.com\/wp-content\/uploads\/2026\/01\/mansion-abandonada-1-1120x630.jpg\" alt=\"Haunted Mansion &#8211; Environment\" title=\"Ginna &amp; Bjorn\">\r\n                                                <\/figure>\r\n                                            \r\n                                        \r\n                                        <div class=\"ms-p-content justify-bottom\">\r\n                                            <div class=\"ms-p-content__inner top\">\r\n                                                <h3>Haunted Mansion &#8211; Environment<\/h3>\r\n                                                                                                    <span class=\"ms-p-cat\">Dise\u00f1o de fondos<\/span>\r\n                                                                                            <\/div>\r\n                                        <\/div>\r\n                                        \r\n                                    <\/a>\r\n\r\n                                <\/div>\r\n\r\n                            <\/div>\r\n\r\n                        \r\n                            <div class=\"fadein grid-item-p custom-ratio col-md-4 post-616 portfolios type-portfolios status-publish has-post-thumbnail hentry portfolios_categories-background-design portfolios_categories-character-design\">\r\n\r\n                                <div class=\"item--inner\">\r\n\r\n                                    <a href=\"https:\/\/yemonkart.com\/es\/urban-dreams\/\" aria-label=\"Ginna &amp; Bjorn\">\r\n\r\n                                        \r\n                                                                                            <figure class=\"ms-p-img cursor-none\" >\r\n                                                    <img decoding=\"async\" src=\"https:\/\/yemonkart.com\/wp-content\/uploads\/2024\/12\/Ginna-x-Bjorn-2.jpg\" alt=\"Ginna &amp; Bjorn\" title=\"Ginna &amp; Bjorn\">\r\n                                                <\/figure>\r\n                                            \r\n                                        \r\n                                        <div class=\"ms-p-content justify-bottom\">\r\n                                            <div class=\"ms-p-content__inner top\">\r\n                                                <h3>Ginna &amp; Bjorn<\/h3>\r\n                                                                                                    <span class=\"ms-p-cat\">background design, character design<\/span>\r\n                                                                                            <\/div>\r\n                                        <\/div>\r\n                                        \r\n                                    <\/a>\r\n\r\n                                <\/div>\r\n\r\n                            <\/div>\r\n\r\n                                                <div class=\"grid-sizer col-md-4\"><\/div>\r\n                        \r\n                                                    <\/div>\r\n                        \r\n                    \r\n                <\/div>\r\n\r\n                                \r\n                                                    \r\n            \r\n        \t\t<\/div>\r\n\r\n\t\t\t\t\t\t<\/div>\n\t\t\t\t<\/div>\n\t\t\t\t\t<\/div>\n\t\t\t\t<\/div>\n\t\t\t\t<\/div>","protected":false},"excerpt":{"rendered":"<p>Background Design Background and space designs that support mood, storytelling, and composition. I focus on depth, atmosphere, and visual clarity to create engaging and [&hellip;]<\/p>\n","protected":false},"author":1,"featured_media":0,"parent":239,"menu_order":0,"comment_status":"closed","ping_status":"closed","template":"page-custom.php","meta":{"_acf_changed":false,"footnotes":""},"class_list":["post-8094","page","type-page","status-publish","hentry"],"acf":{"choi\u0441e_menu_page":"custom_menu_page","full_width":false,"header_transparent":true,"header_white":true,"menu_align_page":"right","menu_style":"fixed"},"_hostinger_reach_plugin_has_subscription_block":false,"_hostinger_reach_plugin_is_elementor":false,"_links":{"self":[{"href":"https:\/\/yemonkart.com\/es\/wp-json\/wp\/v2\/pages\/8094","targetHints":{"allow":["GET"]}}],"collection":[{"href":"https:\/\/yemonkart.com\/es\/wp-json\/wp\/v2\/pages"}],"about":[{"href":"https:\/\/yemonkart.com\/es\/wp-json\/wp\/v2\/types\/page"}],"author":[{"embeddable":true,"href":"https:\/\/yemonkart.com\/es\/wp-json\/wp\/v2\/users\/1"}],"replies":[{"embeddable":true,"href":"https:\/\/yemonkart.com\/es\/wp-json\/wp\/v2\/comments?post=8094"}],"version-history":[{"count":17,"href":"https:\/\/yemonkart.com\/es\/wp-json\/wp\/v2\/pages\/8094\/revisions"}],"predecessor-version":[{"id":8184,"href":"https:\/\/yemonkart.com\/es\/wp-json\/wp\/v2\/pages\/8094\/revisions\/8184"}],"up":[{"embeddable":true,"href":"https:\/\/yemonkart.com\/es\/wp-json\/wp\/v2\/pages\/239"}],"wp:attachment":[{"href":"https:\/\/yemonkart.com\/es\/wp-json\/wp\/v2\/media?parent=8094"}],"curies":[{"name":"wp","href":"https:\/\/api.w.org\/{rel}","templated":true}]}}