{"id":4727,"date":"2025-02-27T08:15:45","date_gmt":"2025-02-27T08:15:45","guid":{"rendered":"https:\/\/theme.madsparrow.me\/fanky\/?page_id=4727"},"modified":"2026-01-20T01:15:47","modified_gmt":"2026-01-20T01:15:47","slug":"contact","status":"publish","type":"page","link":"https:\/\/yemonkart.com\/es\/contact\/","title":{"rendered":"Contacto"},"content":{"rendered":"<div data-elementor-type=\"wp-page\" data-elementor-id=\"4727\" class=\"elementor elementor-4727\">\n\t\t\t\t<div class=\"elementor-element elementor-element-2dfc7e8 e-flex e-con-boxed no no e-con e-parent\" data-id=\"2dfc7e8\" data-element_type=\"container\" data-e-type=\"container\">\n\t\t\t\t\t<div class=\"e-con-inner\">\n\t\t<div class=\"elementor-element elementor-element-30e6540 e-con-full e-flex no no e-con e-child\" data-id=\"30e6540\" data-element_type=\"container\" data-e-type=\"container\">\n\t\t<div class=\"elementor-element elementor-element-ebe663c e-con-full e-flex no no e-con e-child\" data-id=\"ebe663c\" data-element_type=\"container\" data-e-type=\"container\">\n\t\t\t\t<div class=\"elementor-element elementor-element-aaedc8e elementor-widget elementor-widget-heading\" data-id=\"aaedc8e\" data-element_type=\"widget\" data-e-type=\"widget\" data-widget_type=\"heading.default\">\n\t\t\t\t\t<h2 class=\"elementor-heading-title elementor-size-default\">Direcci\u00f3n:<\/h2>\t\t\t\t<\/div>\n\t\t\t\t<div class=\"elementor-element elementor-element-785b60c elementor-widget elementor-widget-heading\" data-id=\"785b60c\" data-element_type=\"widget\" data-e-type=\"widget\" data-widget_type=\"heading.default\">\n\t\t\t\t\t<p class=\"elementor-heading-title elementor-size-default\">M\u00e9rida, Yucat\u00e1n, M\u00e9xico<\/p>\t\t\t\t<\/div>\n\t\t\t\t<\/div>\n\t\t<div class=\"elementor-element elementor-element-b666b97 e-con-full e-flex no no e-con e-child\" data-id=\"b666b97\" data-element_type=\"container\" data-e-type=\"container\">\n\t\t\t\t<div class=\"elementor-element elementor-element-84b6b83 elementor-widget elementor-widget-heading\" data-id=\"84b6b83\" data-element_type=\"widget\" data-e-type=\"widget\" data-widget_type=\"heading.default\">\n\t\t\t\t\t<h2 class=\"elementor-heading-title elementor-size-default\">Email:<\/h2>\t\t\t\t<\/div>\n\t\t\t\t<div class=\"elementor-element elementor-element-bb4d5fd elementor-widget elementor-widget-heading\" data-id=\"bb4d5fd\" data-element_type=\"widget\" data-e-type=\"widget\" data-widget_type=\"heading.default\">\n\t\t\t\t\t<p class=\"elementor-heading-title elementor-size-default\">yemonk_art@outlook.com<\/p>\t\t\t\t<\/div>\n\t\t\t\t<\/div>\n\t\t<div class=\"elementor-element elementor-element-4bcaf88 e-con-full e-flex no no e-con e-child\" data-id=\"4bcaf88\" data-element_type=\"container\" data-e-type=\"container\">\n\t\t\t\t<div class=\"elementor-element elementor-element-9fa754a elementor-widget elementor-widget-heading\" data-id=\"9fa754a\" data-element_type=\"widget\" data-e-type=\"widget\" data-widget_type=\"heading.default\">\n\t\t\t\t\t<h2 class=\"elementor-heading-title elementor-size-default\">Redes Sociales:<\/h2>\t\t\t\t<\/div>\n\t\t<div class=\"elementor-element elementor-element-f9231ee e-con-full e-flex no no e-con e-child\" data-id=\"f9231ee\" data-element_type=\"container\" data-e-type=\"container\">\n\t\t\t\t<div class=\"elementor-element elementor-element-48042ee elementor-widget elementor-widget-ms-social-icons\" data-id=\"48042ee\" data-element_type=\"widget\" data-e-type=\"widget\" data-widget_type=\"ms-social-icons.default\">\n\t\t\t\t<div class=\"elementor-widget-container\">\n\t\t\t\t\t        <div class=\"ms-s-w\">\r\n                    <a class=\"ms-s-i s-icon\" href=\"https:\/\/instagram.com\/yemonk__art\"><i class=\"fa-brands fa-instagram\"><\/i><\/a>\r\n                    <a class=\"ms-s-i s-icon\" href=\"https:\/\/www.artstation.com\/yemonk_art\"><i class=\"fa-brands fa-artstation\"><\/i><\/a>\r\n                    <a class=\"ms-s-i s-icon\" href=\"https:\/\/www.linkedin.com\/in\/luis-felipe-flores-arana-13125b229\/\"><i class=\"fa-brands fa-linkedin\"><\/i><\/a>\r\n                    <a class=\"ms-s-i s-icon\" href=\"https:\/\/youtube.com\/@yemonk_art?si=bIkF-0bJBkKXFNJN\"><i class=\"fa-brands fa-youtube\"><\/i><\/a>\r\n                    <a class=\"ms-s-i s-icon\" href=\"https:\/\/www.behance.net\/Yemonk_Art\"><i class=\"fa-brands fa-behance\"><\/i><\/a>\r\n                <\/div>\r\n    \t\t\t\t<\/div>\n\t\t\t\t<\/div>\n\t\t\t\t<\/div>\n\t\t\t\t<\/div>\n\t\t\t\t<\/div>\n\t\t<div class=\"elementor-element elementor-element-3693c65 e-con-full e-flex no no e-con e-child\" data-id=\"3693c65\" data-element_type=\"container\" data-e-type=\"container\">\n\t\t\t\t<div class=\"elementor-element elementor-element-c6d2f65 elementor-widget-tablet__width-initial elementor-widget elementor-widget-heading\" data-id=\"c6d2f65\" data-element_type=\"widget\" data-e-type=\"widget\" data-widget_type=\"heading.default\">\n\t\t\t\t\t<h2 class=\"elementor-heading-title elementor-size-default\">Ponte en contacto conmigo<\/h2>\t\t\t\t<\/div>\n\t\t\t\t<div class=\"elementor-element elementor-element-55309e2 elementor-widget elementor-widget-text-editor\" data-id=\"55309e2\" data-element_type=\"widget\" data-e-type=\"widget\" data-widget_type=\"text-editor.default\">\n\t\t\t\t\t\t\t\t\t<p>No dudes en contactarnos si quieres hablar sobre un proyecto, una colaboraci\u00f3n o un encargo.<br data-start=\"453\" data-end=\"456\" \/>Ya sea que tengas una idea clara en mente o simplemente quieras iniciar una conversaci\u00f3n, siempre estoy abierto a escuchar sobre nuevas oportunidades creativas.<\/p>\t\t\t\t\t\t\t\t<\/div>\n\t\t\t\t<div class=\"elementor-element elementor-element-4206a26 elementor-widget elementor-widget-ms-button\" data-id=\"4206a26\" data-element_type=\"widget\" data-e-type=\"widget\" data-widget_type=\"ms-button.default\">\n\t\t\t\t<div class=\"elementor-widget-container\">\n\t\t\t\t\t\t\t\t<div class=\"btn-wrap\">\r\n\t\t\t\t<a class=\"btn btn-osty btn--lg\" role=\"button\" href=\"mailto:yemonk_art@outlook.com\">\r\n\r\n                    <div class=\"f-btn-l\">\r\n                        <svg width=\"254\" height=\"392\" viewbox=\"0 0 254 392\" fill=\"none\" xmlns=\"http:\/\/www.w3.org\/2000\/svg\">\r\n                            <path d=\"M0 57.647C0 25.8095 25.8095 0 57.647 0C89.4846 0 115.294 25.8095 115.294 57.647C115.294 89.4846 89.4846 115.294 57.647 115.294C25.8095 115.294 0 89.4846 0 57.647Z\" fill=\"#121212\"\/>\r\n                            <path d=\"M138.353 196C138.353 164.163 164.163 138.353 196 138.353C227.838 138.353 253.647 164.163 253.647 196C253.647 227.838 227.838 253.647 196 253.647C164.163 253.647 138.353 227.838 138.353 196Z\" fill=\"#121212\"\/>\r\n                            <path d=\"M0 334.353C0 302.516 25.8095 276.706 57.647 276.706C89.4846 276.706 115.294 302.516 115.294 334.353C115.294 366.191 89.4846 392 57.647 392C25.8095 392 0 366.191 0 334.353Z\" fill=\"#121212\"\/>\r\n                        <\/svg>\r\n                    <\/div>\r\n\r\n                    <div class=\"f-btn-r\">\r\n                        <span>Enviar Email<\/span>\r\n                        <div class=\"btn-r_icon\">\r\n                        <svg width=\"254\" height=\"392\" viewbox=\"0 0 254 392\" fill=\"none\" xmlns=\"http:\/\/www.w3.org\/2000\/svg\">\r\n                            <path d=\"M0 57.647C0 25.8095 25.8095 0 57.647 0C89.4846 0 115.294 25.8095 115.294 57.647C115.294 89.4846 89.4846 115.294 57.647 115.294C25.8095 115.294 0 89.4846 0 57.647Z\" fill=\"#121212\"\/>\r\n                            <path d=\"M138.353 196C138.353 164.163 164.163 138.353 196 138.353C227.838 138.353 253.647 164.163 253.647 196C253.647 227.838 227.838 253.647 196 253.647C164.163 253.647 138.353 227.838 138.353 196Z\" fill=\"#121212\"\/>\r\n                            <path d=\"M0 334.353C0 302.516 25.8095 276.706 57.647 276.706C89.4846 276.706 115.294 302.516 115.294 334.353C115.294 366.191 89.4846 392 57.647 392C25.8095 392 0 366.191 0 334.353Z\" fill=\"#121212\"\/>\r\n                        <\/svg>\r\n                        <\/div>\r\n                    <\/div>\r\n\r\n\t\t\t\t<\/a>\r\n\t\t\t<\/div>\r\n\t\t\t\t\t\t<\/div>\n\t\t\t\t<\/div>\n\t\t\t\t<\/div>\n\t\t\t\t\t<\/div>\n\t\t\t\t<\/div>\n\t\t\t\t<\/div>","protected":false},"excerpt":{"rendered":"<p>Address: M\u00e9rida, Yucat\u00e1n, M\u00e9xico Email: yemonk_art@outlook.com Socials: Get in Touch with Me Feel free to get in touch if you\u2019d like to discuss a [&hellip;]<\/p>\n","protected":false},"author":1,"featured_media":0,"parent":0,"menu_order":0,"comment_status":"closed","ping_status":"closed","template":"page-custom.php","meta":{"_acf_changed":false,"footnotes":""},"class_list":["post-4727","page","type-page","status-publish","hentry"],"acf":{"choi\u0441e_menu_page":"global_settings","full_width":false,"header_transparent":false,"header_white":false,"menu_align_page":"default","menu_style":""},"_hostinger_reach_plugin_has_subscription_block":false,"_hostinger_reach_plugin_is_elementor":false,"_links":{"self":[{"href":"https:\/\/yemonkart.com\/es\/wp-json\/wp\/v2\/pages\/4727","targetHints":{"allow":["GET"]}}],"collection":[{"href":"https:\/\/yemonkart.com\/es\/wp-json\/wp\/v2\/pages"}],"about":[{"href":"https:\/\/yemonkart.com\/es\/wp-json\/wp\/v2\/types\/page"}],"author":[{"embeddable":true,"href":"https:\/\/yemonkart.com\/es\/wp-json\/wp\/v2\/users\/1"}],"replies":[{"embeddable":true,"href":"https:\/\/yemonkart.com\/es\/wp-json\/wp\/v2\/comments?post=4727"}],"version-history":[{"count":13,"href":"https:\/\/yemonkart.com\/es\/wp-json\/wp\/v2\/pages\/4727\/revisions"}],"predecessor-version":[{"id":8375,"href":"https:\/\/yemonkart.com\/es\/wp-json\/wp\/v2\/pages\/4727\/revisions\/8375"}],"wp:attachment":[{"href":"https:\/\/yemonkart.com\/es\/wp-json\/wp\/v2\/media?parent=4727"}],"curies":[{"name":"wp","href":"https:\/\/api.w.org\/{rel}","templated":true}]}}